{"id":70,"date":"2021-04-06T23:58:57","date_gmt":"2021-04-06T21:58:57","guid":{"rendered":"https:\/\/osteodinant.be\/?page_id=70"},"modified":"2021-04-16T20:55:46","modified_gmt":"2021-04-16T18:55:46","slug":"a-propos","status":"publish","type":"page","link":"https:\/\/osteodinant.be\/?page_id=70","title":{"rendered":"Votre ost\u00e9opathe"},"content":{"rendered":"\n<hr class=\"wp-block-separator\"\/>\n\n\n\n<p id=\"apropos\" style=\"font-size:20px\">Au terme d&rsquo;un cursus de 6 ans \u00e0 l&rsquo;Universit\u00e9 Libre de Bruxelles, j&rsquo;ai obtenu mon D.O. avec grande distinction.<\/p>\n\n\n\n<hr class=\"wp-block-separator\"\/>\n\n\n\n<p style=\"font-size:20px\">La formation, articul\u00e9e en \u00e9troite collaboration avec la Facult\u00e9 de M\u00e9decine, m&rsquo;a permis d&rsquo;acqu\u00e9rir un solide bagage scientifique, diagnostique et m\u00e9dical, tout en encourageant une r\u00e9flexion critique par la litt\u00e9rature scientifique.<\/p>\n\n\n\n<hr class=\"wp-block-separator\"\/>\n\n\n\n<p style=\"font-size:20px\">La richesse de cet enseignement repose sur l&rsquo;apprentissage de la collaboration interprofessionnelle (avec des m\u00e9decins, sp\u00e9cialistes, kin\u00e9s, infirmi\u00e8res, sages-femmes\u2026) ainsi qu&rsquo;une strat\u00e9gie moderne de soin ax\u00e9e autour de la notion du patient-partenaire (le patient comme acteur de ses soins).<\/p>\n\n\n\n<hr class=\"wp-block-separator\"\/>\n\n\n\n<p style=\"font-size:20px\">Ce sont ces connaissances qui me permettent une prise en charge de premi\u00e8re ligne s\u00fbre et qualitative.<\/p>\n\n\n\n<hr class=\"wp-block-separator\"\/>\n\n\n\n<div class=\"wp-block-media-text alignwide is-stacked-on-mobile has-headings-color has-text-color has-background\" style=\"background-color:#bbd0e7;grid-template-columns:36% auto\"><figure class=\"wp-block-media-text__media\"><img loading=\"lazy\" width=\"683\" height=\"1024\" src=\"https:\/\/osteodinant.be\/wp-content\/uploads\/2021\/04\/IMG_0325_3-683x1024.jpg\" alt=\"D. Meyer (photo pro)\" class=\"wp-image-34\" srcset=\"https:\/\/osteodinant.be\/wp-content\/uploads\/2021\/04\/IMG_0325_3-683x1024.jpg 683w, https:\/\/osteodinant.be\/wp-content\/uploads\/2021\/04\/IMG_0325_3-200x300.jpg 200w, https:\/\/osteodinant.be\/wp-content\/uploads\/2021\/04\/IMG_0325_3-768x1152.jpg 768w, https:\/\/osteodinant.be\/wp-content\/uploads\/2021\/04\/IMG_0325_3-1024x1536.jpg 1024w, https:\/\/osteodinant.be\/wp-content\/uploads\/2021\/04\/IMG_0325_3-1366x2048.jpg 1366w, https:\/\/osteodinant.be\/wp-content\/uploads\/2021\/04\/IMG_0325_3-scaled.jpg 1707w\" sizes=\"(max-width: 683px) 100vw, 683px\" \/><\/figure><div class=\"wp-block-media-text__content\">\n<h2 class=\"has-large-font-size\"><strong>Formation universitaire<\/strong><\/h2>\n\n\n\n<ul><li>Bachelier en Sciences de la motricit\u00e9, orientation ost\u00e9opathie<\/li><li>Master en Sciences de la Motricit\u00e9, \u00e0 finalit\u00e9 ost\u00e9opathique<\/li><li>Master compl\u00e9mentaire en Ost\u00e9opathie<\/li><\/ul>\n\n\n\n<p>Et parce qu&rsquo;une vocation ne s&rsquo;arr\u00eate pas \u00e0 un dipl\u00f4me, je continuerai de me former pour votre bien-\u00eatre :<\/p>\n\n\n\n<h2 class=\"has-large-font-size\">Formations compl\u00e9mentaires<\/h2>\n\n\n\n<ul><li>Th\u00e9rapie Manuelle Analytique (TMA) chez le nourrisson <br>Kin\u00e9formation 2020<\/li><li>Certificat de Comp\u00e9tence en ost\u00e9opathie appliqu\u00e9e \u00e0 la P\u00e9diatrie<br>SCOM 2021<\/li><\/ul>\n\n\n\n<h2 class=\"has-large-font-size\">Formation continue<\/h2>\n\n\n\n<ul><li>Ost\u00e9opathie Equine<br>HELB 2021-2022<\/li><\/ul>\n\n\n\n<p><\/p>\n<\/div><\/div>\n\n\n\n<hr class=\"wp-block-separator\"\/>\n\n\n\n<p class=\"has-text-align-center\" style=\"font-size:20px\">Membre de l&rsquo;UPMO (Union Professionnelle de M\u00e9decine Ost\u00e9opathique)<\/p>\n\n\n\n<p class=\"has-text-align-center\" style=\"font-size:20px\">Ost\u00e9opathe agr\u00e9\u00e9e par les mutuelles<\/p>\n","protected":false},"excerpt":{"rendered":"<p>Au terme d&rsquo;un cursus de 6 ans \u00e0 l&rsquo;Universit\u00e9 Libre de Bruxelles, j&rsquo;ai obtenu mon D.O. avec grande distinction. La formation, articul\u00e9e en \u00e9troite collaboration &hellip;<\/p>\n","protected":false},"author":1,"featured_media":0,"parent":0,"menu_order":0,"comment_status":"closed","ping_status":"closed","template":"","meta":[],"_links":{"self":[{"href":"https:\/\/osteodinant.be\/index.php?rest_route=\/wp\/v2\/pages\/70"}],"collection":[{"href":"https:\/\/osteodinant.be\/index.php?rest_route=\/wp\/v2\/pages"}],"about":[{"href":"https:\/\/osteodinant.be\/index.php?rest_route=\/wp\/v2\/types\/page"}],"author":[{"embeddable":true,"href":"https:\/\/osteodinant.be\/index.php?rest_route=\/wp\/v2\/users\/1"}],"replies":[{"embeddable":true,"href":"https:\/\/osteodinant.be\/index.php?rest_route=%2Fwp%2Fv2%2Fcomments&post=70"}],"version-history":[{"count":23,"href":"https:\/\/osteodinant.be\/index.php?rest_route=\/wp\/v2\/pages\/70\/revisions"}],"predecessor-version":[{"id":204,"href":"https:\/\/osteodinant.be\/index.php?rest_route=\/wp\/v2\/pages\/70\/revisions\/204"}],"wp:attachment":[{"href":"https:\/\/osteodinant.be\/index.php?rest_route=%2Fwp%2Fv2%2Fmedia&parent=70"}],"curies":[{"name":"wp","href":"https:\/\/api.w.org\/{rel}","templated":true}]}}